{"id":24,"date":"2026-02-23T12:48:05","date_gmt":"2026-02-23T12:48:05","guid":{"rendered":"http:\/\/kvart-usu.hr\/applications\/"},"modified":"2026-03-18T13:45:11","modified_gmt":"2026-03-18T13:45:11","slug":"applications","status":"publish","type":"page","link":"https:\/\/kvart-usu.hr\/en\/applications\/","title":{"rendered":"Applications"},"content":{"rendered":"\n<div class=\"wp-block-columns is-layout-flex wp-container-core-columns-is-layout-9d6595d7 wp-block-columns-is-layout-flex\">\n<div class=\"wp-block-column is-layout-flow wp-block-column-is-layout-flow\">\n<h2 class=\"wp-block-heading\">Submit an exhibition or work<\/h2>\n\n\n<style id=\"wpforms-css-vars-225\">\n\t\t\t\t#wpforms-225 {\n\t\t\t\t--wpforms-container-padding: 0px;\n--wpforms-container-border-width: 1px;\n--wpforms-container-border-radius: 3px;\n--wpforms-background-color: rgba(0, 0, 0, 0);\n--wpforms-field-size-input-height: 43px;\n--wpforms-field-size-input-spacing: 15px;\n--wpforms-field-size-font-size: 16px;\n--wpforms-field-size-line-height: 19px;\n--wpforms-field-size-padding-h: 14px;\n--wpforms-field-size-checkbox-size: 16px;\n--wpforms-field-size-sublabel-spacing: 5px;\n--wpforms-field-size-icon-size: 1;\n--wpforms-label-size-font-size: 16px;\n--wpforms-label-size-line-height: 19px;\n--wpforms-label-size-sublabel-font-size: 14px;\n--wpforms-label-size-sublabel-line-height: 17px;\n--wpforms-button-size-font-size: 17px;\n--wpforms-button-size-height: 41px;\n--wpforms-button-size-padding-h: 15px;\n--wpforms-button-size-margin-top: 10px;\n--wpforms-container-shadow-size-box-shadow: none;\n\t\t\t}\n\t\t\t<\/style><div class=\"wpforms-container wpforms-container-full wpforms-render-modern\" id=\"wpforms-225\"><form id=\"wpforms-form-225\" class=\"wpforms-validate wpforms-form wpforms-ajax-form\" data-formid=\"225\" method=\"post\" enctype=\"multipart\/form-data\" action=\"\/en\/wp-json\/wp\/v2\/pages\/24\" data-token=\"05dc3aadc2414022ea513075baf6c81a\" data-token-time=\"1776295496\"><noscript class=\"wpforms-error-noscript\">Please enable JavaScript in your browser to complete this form.<\/noscript><div id=\"wpforms-error-noscript\" style=\"display: none;\">Please enable JavaScript in your browser to complete this form.<\/div><div class=\"wpforms-field-container\">\t\t<div id=\"wpforms-225-field_4-container\"\n\t\t\tclass=\"wpforms-field wpforms-field-text\"\n\t\t\tdata-field-type=\"text\"\n\t\t\tdata-field-id=\"4\"\n\t\t\t>\n\t\t\t<label class=\"wpforms-field-label\" for=\"wpforms-225-field_4\" >mobitela Vizualna \u017divotopis<\/label>\n\t\t\t<input type=\"text\" id=\"wpforms-225-field_4\" class=\"wpforms-field-medium\" name=\"wpforms[fields][4]\" >\n\t\t<\/div>\n\t\t<div id=\"wpforms-225-field_1-container\" class=\"wpforms-field wpforms-field-select wpforms-field-select-style-classic\" data-field-id=\"1\"><label class=\"wpforms-field-label\" for=\"wpforms-225-field_1\">\u017deljena lokacija izlaganja <span class=\"wpforms-required-label\" aria-hidden=\"true\">*<\/span><\/label><select id=\"wpforms-225-field_1\" class=\"wpforms-field-large wpforms-field-required\" name=\"wpforms[fields][1]\" required=\"required\"><option value=\"\" class=\"placeholder\" disabled >--- Select Choice ---<\/option><option value=\"Galerija Kvart\"  selected='selected' class=\"choice-1 depth-1\"  >Galerija Kvart<\/option><option value=\"Underground\"  class=\"choice-2 depth-1\"  >Underground<\/option><option value=\"Cista Provo\"  class=\"choice-3 depth-1\"  >Cista Provo<\/option><\/select><\/div><div id=\"wpforms-225-field_2-container\" class=\"wpforms-field wpforms-field-text\" data-field-id=\"2\"><label class=\"wpforms-field-label\" for=\"wpforms-225-field_2\">Ime i prezime izlaga\u010da <span class=\"wpforms-required-label\" aria-hidden=\"true\">*<\/span><\/label><input type=\"text\" id=\"wpforms-225-field_2\" class=\"wpforms-field-large wpforms-field-required\" name=\"wpforms[fields][2]\" aria-errormessage=\"wpforms-225-field_2-error\" required><\/div><div id=\"wpforms-225-field_3-container\" class=\"wpforms-field wpforms-field-email\" data-field-id=\"3\"><label class=\"wpforms-field-label\" for=\"wpforms-225-field_3\">Email <span class=\"wpforms-required-label\" aria-hidden=\"true\">*<\/span><\/label><input type=\"email\" id=\"wpforms-225-field_3\" class=\"wpforms-field-large wpforms-field-required\" name=\"wpforms[fields][3]\" spellcheck=\"false\" aria-errormessage=\"wpforms-225-field_3-error\" required><\/div><div id=\"wpforms-225-field_5-container\" class=\"wpforms-field wpforms-field-text\" data-field-id=\"5\"><label class=\"wpforms-field-label\" for=\"wpforms-225-field_5\">Broj mobitela <span class=\"wpforms-required-label\" aria-hidden=\"true\">*<\/span><\/label><input type=\"text\" id=\"wpforms-225-field_5\" class=\"wpforms-field-large wpforms-field-required\" name=\"wpforms[fields][5]\" placeholder=\"phone field - pro\" aria-errormessage=\"wpforms-225-field_5-error\" required><\/div><div id=\"wpforms-225-field_6-container\" class=\"wpforms-field wpforms-field-text\" data-field-id=\"6\"><label class=\"wpforms-field-label\" for=\"wpforms-225-field_6\">Website<\/label><input type=\"text\" id=\"wpforms-225-field_6\" class=\"wpforms-field-large\" name=\"wpforms[fields][6]\" placeholder=\"dodat website link field - pro\" aria-errormessage=\"wpforms-225-field_6-error\" ><\/div><div id=\"wpforms-225-field_16-container\" class=\"wpforms-field wpforms-field-textarea\" data-field-id=\"16\"><label class=\"wpforms-field-label\" for=\"wpforms-225-field_16\">Portfolio<\/label><textarea id=\"wpforms-225-field_16\" class=\"wpforms-field-medium\" name=\"wpforms[fields][16]\" placeholder=\"upload field - PRO\" aria-errormessage=\"wpforms-225-field_16-error\" ><\/textarea><\/div><div id=\"wpforms-225-field_12-container\" class=\"wpforms-field wpforms-field-textarea\" data-field-id=\"12\"><label class=\"wpforms-field-label\" for=\"wpforms-225-field_12\">\u017divotopis izlaga\u010da <span class=\"wpforms-required-label\" aria-hidden=\"true\">*<\/span><\/label><textarea id=\"wpforms-225-field_12\" class=\"wpforms-field-medium wpforms-field-required\" name=\"wpforms[fields][12]\" placeholder=\"upload field - PRO pdf\/word\" aria-errormessage=\"wpforms-225-field_12-error\" required><\/textarea><\/div><div id=\"wpforms-225-field_7-container\" class=\"wpforms-field wpforms-field-text\" data-field-id=\"7\"><label class=\"wpforms-field-label\" for=\"wpforms-225-field_7\">Naziv izlo\u017ebe ili rada <span class=\"wpforms-required-label\" aria-hidden=\"true\">*<\/span><\/label><input type=\"text\" id=\"wpforms-225-field_7\" class=\"wpforms-field-large wpforms-field-required\" name=\"wpforms[fields][7]\" aria-errormessage=\"wpforms-225-field_7-error\" required><\/div><div id=\"wpforms-225-field_8-container\" class=\"wpforms-field wpforms-field-textarea\" data-field-id=\"8\"><label class=\"wpforms-field-label\" for=\"wpforms-225-field_8\">Sa\u017eeti opis izlo\u017ebe ili rada <span class=\"wpforms-required-label\" aria-hidden=\"true\">*<\/span><\/label><textarea id=\"wpforms-225-field_8\" class=\"wpforms-field-medium wpforms-field-required\" name=\"wpforms[fields][8]\" aria-errormessage=\"wpforms-225-field_8-error\" required><\/textarea><\/div><div id=\"wpforms-225-field_9-container\" class=\"wpforms-field wpforms-field-textarea\" data-field-id=\"9\"><label class=\"wpforms-field-label\" for=\"wpforms-225-field_9\">Detaljan opis izlo\u017ebe ili rada <span class=\"wpforms-required-label\" aria-hidden=\"true\">*<\/span><\/label><textarea id=\"wpforms-225-field_9\" class=\"wpforms-field-medium wpforms-field-required\" name=\"wpforms[fields][9]\" placeholder=\"dodat upload pdf\/word - pro\" aria-errormessage=\"wpforms-225-field_9-error\" required><\/textarea><\/div><div id=\"wpforms-225-field_10-container\" class=\"wpforms-field wpforms-field-textarea\" data-field-id=\"10\"><label class=\"wpforms-field-label\" for=\"wpforms-225-field_10\">Broj radova i okvirne dimenzije <span class=\"wpforms-required-label\" aria-hidden=\"true\">*<\/span><\/label><textarea id=\"wpforms-225-field_10\" class=\"wpforms-field-medium wpforms-field-required\" name=\"wpforms[fields][10]\" placeholder=\"odvojit u 2 fielda? kakav unos su okvirne dimenzije?\" aria-errormessage=\"wpforms-225-field_10-error\" required><\/textarea><\/div><div id=\"wpforms-225-field_11-container\" class=\"wpforms-field wpforms-field-text\" data-field-id=\"11\"><label class=\"wpforms-field-label\" for=\"wpforms-225-field_11\">\u017deljeni termin <span class=\"wpforms-required-label\" aria-hidden=\"true\">*<\/span><\/label><input type=\"text\" id=\"wpforms-225-field_11\" class=\"wpforms-field-large wpforms-field-required\" name=\"wpforms[fields][11]\" placeholder=\"date field - PRO\" aria-errormessage=\"wpforms-225-field_11-error\" required><\/div><div id=\"wpforms-225-field_13-container\" class=\"wpforms-field wpforms-field-textarea\" data-field-id=\"13\"><label class=\"wpforms-field-label\" for=\"wpforms-225-field_13\">Potrebna tehni\u010dka oprema <span class=\"wpforms-required-label\" aria-hidden=\"true\">*<\/span><\/label><textarea id=\"wpforms-225-field_13\" class=\"wpforms-field-medium wpforms-field-required\" name=\"wpforms[fields][13]\" aria-errormessage=\"wpforms-225-field_13-error\" required><\/textarea><\/div><div id=\"wpforms-225-field_14-container\" class=\"wpforms-field wpforms-field-text\" data-field-id=\"14\"><label class=\"wpforms-field-label\" for=\"wpforms-225-field_14\">Vizualna dokumentacija <span class=\"wpforms-required-label\" aria-hidden=\"true\">*<\/span><\/label><input type=\"text\" id=\"wpforms-225-field_14\" class=\"wpforms-field-large wpforms-field-required\" name=\"wpforms[fields][14]\" placeholder=\"upload field - PRO\" aria-errormessage=\"wpforms-225-field_14-error\" required><\/div><div id=\"wpforms-225-field_15-container\" class=\"wpforms-field wpforms-field-checkbox\" data-field-id=\"15\"><fieldset><legend class=\"wpforms-field-label\">Izjava o suglasnosti <span class=\"wpforms-required-label\" aria-hidden=\"true\">*<\/span><\/legend><ul id=\"wpforms-225-field_15\" class=\"wpforms-field-required\"><li class=\"choice-1 depth-1\"><input type=\"checkbox\" id=\"wpforms-225-field_15_1\" name=\"wpforms[fields][15][]\" value=\"Izjavljujem da sam suglasan da se moji osobni podaci sukladno odredbama zakona o za\u0161titi osobnih podataka mogu prikupljati, obra\u0111ivati i \u010duvati.\" aria-errormessage=\"wpforms-225-field_15_1-error\" required ><label class=\"wpforms-field-label-inline\" for=\"wpforms-225-field_15_1\">Izjavljujem da sam suglasan da se moji osobni podaci sukladno odredbama zakona o za\u0161titi osobnih podataka mogu prikupljati, obra\u0111ivati i \u010duvati.<\/label><\/li><\/ul><\/fieldset><\/div><script>\n\t\t\t\t( function() {\n\t\t\t\t\tconst style = document.createElement( 'style' );\n\t\t\t\t\tstyle.appendChild( document.createTextNode( '#wpforms-225-field_4-container { position: absolute !important; overflow: hidden !important; display: inline !important; height: 1px !important; width: 1px !important; z-index: -1000 !important; padding: 0 !important; } #wpforms-225-field_4-container input { visibility: hidden; } #wpforms-conversational-form-page #wpforms-225-field_4-container label { counter-increment: none; }' ) );\n\t\t\t\t\tdocument.head.appendChild( style );\n\t\t\t\t\tdocument.currentScript?.remove();\n\t\t\t\t} )();\n\t\t\t<\/script><\/div><!-- .wpforms-field-container --><div class=\"wpforms-submit-container\" ><input type=\"hidden\" name=\"wpforms[id]\" value=\"225\"><input type=\"hidden\" name=\"page_title\" value=\"\"><input type=\"hidden\" name=\"page_url\" value=\"https:\/\/kvart-usu.hr\/en\/wp-json\/wp\/v2\/pages\/24\"><input type=\"hidden\" name=\"url_referer\" value=\"\"><button type=\"submit\" name=\"wpforms[submit]\" id=\"wpforms-submit-225\" class=\"wpforms-submit\" data-alt-text=\"Sending...\" data-submit-text=\"Submit\" aria-live=\"assertive\" value=\"wpforms-submit\">Submit<\/button><img loading=\"lazy\" decoding=\"async\" src=\"https:\/\/kvart-usu.hr\/wp-content\/plugins\/wpforms-lite\/assets\/images\/submit-spin.svg\" class=\"wpforms-submit-spinner\" style=\"display: none;\" width=\"26\" height=\"26\" alt=\"Loading\"><\/div><\/form><\/div>  <!-- .wpforms-container -->\n<\/div>\n\n\n\n<div class=\"wp-block-column is-layout-flow wp-block-column-is-layout-flow\">\n<h2 class=\"wp-block-heading\">Application terms<\/h2>\n\n\n\n<p>The Association for Contemporary Art KVART is not obliged to accept the exhibition proposal nor to provide a response, as this concerns an open submission without a competitive procedure.<\/p>\n<\/div>\n<\/div>\n","protected":false},"excerpt":{"rendered":"<p>Submit an exhibition or work Application terms The Association for Contemporary Art KVART is not obliged to accept the exhibition proposal nor to provide a response, as this concerns an open submission without a competitive procedure.<\/p>\n","protected":false},"author":1,"featured_media":123,"parent":0,"menu_order":0,"comment_status":"closed","ping_status":"closed","template":"","meta":{"_acf_changed":false,"footnotes":""},"class_list":["post-24","page","type-page","status-publish","has-post-thumbnail","hentry"],"acf":[],"yoast_head":"<!-- This site is optimized with the Yoast SEO plugin v27.4 - https:\/\/yoast.com\/product\/yoast-seo-wordpress\/ -->\n<title>Applications - Udruga Kvart<\/title>\n<meta name=\"robots\" content=\"index, follow, max-snippet:-1, max-image-preview:large, max-video-preview:-1\" \/>\n<link rel=\"canonical\" href=\"https:\/\/kvart-usu.hr\/en\/applications\/\" \/>\n<meta property=\"og:locale\" content=\"en_US\" \/>\n<meta property=\"og:type\" content=\"article\" \/>\n<meta property=\"og:title\" content=\"Applications - Udruga Kvart\" \/>\n<meta property=\"og:description\" content=\"Submit an exhibition or work Application terms The Association for Contemporary Art KVART is not obliged to accept the exhibition proposal nor to provide a response, as this concerns an open submission without a competitive procedure.\" \/>\n<meta property=\"og:url\" content=\"https:\/\/kvart-usu.hr\/en\/applications\/\" \/>\n<meta property=\"og:site_name\" content=\"Udruga Kvart\" \/>\n<meta property=\"article:modified_time\" content=\"2026-03-18T13:45:11+00:00\" \/>\n<meta property=\"og:image\" content=\"https:\/\/kvart-usu.hr\/wp-content\/uploads\/2026\/02\/test-text-block-image-2.png\" \/>\n\t<meta property=\"og:image:width\" content=\"1620\" \/>\n\t<meta property=\"og:image:height\" content=\"621\" \/>\n\t<meta property=\"og:image:type\" content=\"image\/png\" \/>\n<meta name=\"twitter:card\" content=\"summary_large_image\" \/>\n<script type=\"application\/ld+json\" class=\"yoast-schema-graph\">{\"@context\":\"https:\\\/\\\/schema.org\",\"@graph\":[{\"@type\":\"WebPage\",\"@id\":\"https:\\\/\\\/kvart-usu.hr\\\/en\\\/applications\\\/\",\"url\":\"https:\\\/\\\/kvart-usu.hr\\\/en\\\/applications\\\/\",\"name\":\"Applications - Udruga Kvart\",\"isPartOf\":{\"@id\":\"https:\\\/\\\/kvart-usu.hr\\\/en\\\/#website\"},\"primaryImageOfPage\":{\"@id\":\"https:\\\/\\\/kvart-usu.hr\\\/en\\\/applications\\\/#primaryimage\"},\"image\":{\"@id\":\"https:\\\/\\\/kvart-usu.hr\\\/en\\\/applications\\\/#primaryimage\"},\"thumbnailUrl\":\"https:\\\/\\\/kvart-usu.hr\\\/wp-content\\\/uploads\\\/2026\\\/02\\\/test-text-block-image-2.png\",\"datePublished\":\"2026-02-23T12:48:05+00:00\",\"dateModified\":\"2026-03-18T13:45:11+00:00\",\"breadcrumb\":{\"@id\":\"https:\\\/\\\/kvart-usu.hr\\\/en\\\/applications\\\/#breadcrumb\"},\"inLanguage\":\"en-US\",\"potentialAction\":[{\"@type\":\"ReadAction\",\"target\":[\"https:\\\/\\\/kvart-usu.hr\\\/en\\\/applications\\\/\"]}]},{\"@type\":\"ImageObject\",\"inLanguage\":\"en-US\",\"@id\":\"https:\\\/\\\/kvart-usu.hr\\\/en\\\/applications\\\/#primaryimage\",\"url\":\"https:\\\/\\\/kvart-usu.hr\\\/wp-content\\\/uploads\\\/2026\\\/02\\\/test-text-block-image-2.png\",\"contentUrl\":\"https:\\\/\\\/kvart-usu.hr\\\/wp-content\\\/uploads\\\/2026\\\/02\\\/test-text-block-image-2.png\",\"width\":1620,\"height\":621},{\"@type\":\"BreadcrumbList\",\"@id\":\"https:\\\/\\\/kvart-usu.hr\\\/en\\\/applications\\\/#breadcrumb\",\"itemListElement\":[{\"@type\":\"ListItem\",\"position\":1,\"name\":\"Home\",\"item\":\"https:\\\/\\\/kvart-usu.hr\\\/en\\\/\"},{\"@type\":\"ListItem\",\"position\":2,\"name\":\"Applications\"}]},{\"@type\":\"WebSite\",\"@id\":\"https:\\\/\\\/kvart-usu.hr\\\/en\\\/#website\",\"url\":\"https:\\\/\\\/kvart-usu.hr\\\/en\\\/\",\"name\":\"Udruga Kvart\",\"description\":\"udruga za suvremenu umjetnost\",\"potentialAction\":[{\"@type\":\"SearchAction\",\"target\":{\"@type\":\"EntryPoint\",\"urlTemplate\":\"https:\\\/\\\/kvart-usu.hr\\\/en\\\/?s={search_term_string}\"},\"query-input\":{\"@type\":\"PropertyValueSpecification\",\"valueRequired\":true,\"valueName\":\"search_term_string\"}}],\"inLanguage\":\"en-US\"}]}<\/script>\n<!-- \/ Yoast SEO plugin. -->","yoast_head_json":{"title":"Applications - Udruga Kvart","robots":{"index":"index","follow":"follow","max-snippet":"max-snippet:-1","max-image-preview":"max-image-preview:large","max-video-preview":"max-video-preview:-1"},"canonical":"https:\/\/kvart-usu.hr\/en\/applications\/","og_locale":"en_US","og_type":"article","og_title":"Applications - Udruga Kvart","og_description":"Submit an exhibition or work Application terms The Association for Contemporary Art KVART is not obliged to accept the exhibition proposal nor to provide a response, as this concerns an open submission without a competitive procedure.","og_url":"https:\/\/kvart-usu.hr\/en\/applications\/","og_site_name":"Udruga Kvart","article_modified_time":"2026-03-18T13:45:11+00:00","og_image":[{"width":1620,"height":621,"url":"https:\/\/kvart-usu.hr\/wp-content\/uploads\/2026\/02\/test-text-block-image-2.png","type":"image\/png"}],"twitter_card":"summary_large_image","schema":{"@context":"https:\/\/schema.org","@graph":[{"@type":"WebPage","@id":"https:\/\/kvart-usu.hr\/en\/applications\/","url":"https:\/\/kvart-usu.hr\/en\/applications\/","name":"Applications - Udruga Kvart","isPartOf":{"@id":"https:\/\/kvart-usu.hr\/en\/#website"},"primaryImageOfPage":{"@id":"https:\/\/kvart-usu.hr\/en\/applications\/#primaryimage"},"image":{"@id":"https:\/\/kvart-usu.hr\/en\/applications\/#primaryimage"},"thumbnailUrl":"https:\/\/kvart-usu.hr\/wp-content\/uploads\/2026\/02\/test-text-block-image-2.png","datePublished":"2026-02-23T12:48:05+00:00","dateModified":"2026-03-18T13:45:11+00:00","breadcrumb":{"@id":"https:\/\/kvart-usu.hr\/en\/applications\/#breadcrumb"},"inLanguage":"en-US","potentialAction":[{"@type":"ReadAction","target":["https:\/\/kvart-usu.hr\/en\/applications\/"]}]},{"@type":"ImageObject","inLanguage":"en-US","@id":"https:\/\/kvart-usu.hr\/en\/applications\/#primaryimage","url":"https:\/\/kvart-usu.hr\/wp-content\/uploads\/2026\/02\/test-text-block-image-2.png","contentUrl":"https:\/\/kvart-usu.hr\/wp-content\/uploads\/2026\/02\/test-text-block-image-2.png","width":1620,"height":621},{"@type":"BreadcrumbList","@id":"https:\/\/kvart-usu.hr\/en\/applications\/#breadcrumb","itemListElement":[{"@type":"ListItem","position":1,"name":"Home","item":"https:\/\/kvart-usu.hr\/en\/"},{"@type":"ListItem","position":2,"name":"Applications"}]},{"@type":"WebSite","@id":"https:\/\/kvart-usu.hr\/en\/#website","url":"https:\/\/kvart-usu.hr\/en\/","name":"Udruga Kvart","description":"udruga za suvremenu umjetnost","potentialAction":[{"@type":"SearchAction","target":{"@type":"EntryPoint","urlTemplate":"https:\/\/kvart-usu.hr\/en\/?s={search_term_string}"},"query-input":{"@type":"PropertyValueSpecification","valueRequired":true,"valueName":"search_term_string"}}],"inLanguage":"en-US"}]}},"_links":{"self":[{"href":"https:\/\/kvart-usu.hr\/en\/wp-json\/wp\/v2\/pages\/24","targetHints":{"allow":["GET"]}}],"collection":[{"href":"https:\/\/kvart-usu.hr\/en\/wp-json\/wp\/v2\/pages"}],"about":[{"href":"https:\/\/kvart-usu.hr\/en\/wp-json\/wp\/v2\/types\/page"}],"author":[{"embeddable":true,"href":"https:\/\/kvart-usu.hr\/en\/wp-json\/wp\/v2\/users\/1"}],"replies":[{"embeddable":true,"href":"https:\/\/kvart-usu.hr\/en\/wp-json\/wp\/v2\/comments?post=24"}],"version-history":[{"count":2,"href":"https:\/\/kvart-usu.hr\/en\/wp-json\/wp\/v2\/pages\/24\/revisions"}],"predecessor-version":[{"id":254,"href":"https:\/\/kvart-usu.hr\/en\/wp-json\/wp\/v2\/pages\/24\/revisions\/254"}],"wp:featuredmedia":[{"embeddable":true,"href":"https:\/\/kvart-usu.hr\/en\/wp-json\/wp\/v2\/media\/123"}],"wp:attachment":[{"href":"https:\/\/kvart-usu.hr\/en\/wp-json\/wp\/v2\/media?parent=24"}],"curies":[{"name":"wp","href":"https:\/\/api.w.org\/{rel}","templated":true}]}}