{"id":10,"date":"2026-02-23T12:23:37","date_gmt":"2026-02-23T12:23:37","guid":{"rendered":"http:\/\/kvart-usu.hr\/homepage\/"},"modified":"2026-02-26T20:45:45","modified_gmt":"2026-02-26T20:45:45","slug":"homepage","status":"publish","type":"page","link":"https:\/\/kvart-usu.hr\/en\/","title":{"rendered":"Homepage"},"content":{"rendered":"  <section class=\"not-prose mb-32 mt-20\">\n    <div class=\"mb-8 flex items-center justify-between md:justify-start\">\n      <h2 class=\"text-2xl md:text-3xl font-bold text-black\">Events<\/h2>\n\n              <a href=\"https:\/\/kvart-usu.hr\/en\/archive\/\" aria-label=\"link to archive\" class=\"border border-gray-200 text-black hover:bg-red-500 hover:text-white hover:border-red-500 flex items-center justify-center w-9 h-9 ml-4\"><span class=\"w-4 h-4\"><svg width=\"24\" height=\"24\" viewBox=\"0 0 24 24\" fill=\"none\" xmlns=\"http:\/\/www.w3.org\/2000\/svg\">\n<path d=\"M11.1444 0H5L14 12L5 24H11.1444L20 12L11.1444 0Z\" fill=\"black\"\/>\n<\/svg>\n<\/span><\/a>\n          <\/div>\n\n    <div class=\"grid grid-cols-1 gap-4 xs:grid-cols-2 md:grid-cols-3 lg:grid-cols-4\">\n              \n        <article class=\"flex flex-col\">\n  <div class=\"relative aspect-video w-full\">\n    <img decoding=\"async\" src=\"https:\/\/kvart-usu.hr\/wp-content\/uploads\/2026\/02\/TEST-STIMULUS-WEB-724x1024.webp\" srcset=\"\n        https:\/\/kvart-usu.hr\/wp-content\/uploads\/2026\/02\/TEST-STIMULUS-WEB-724x1024.webp 480w,\n        https:\/\/kvart-usu.hr\/wp-content\/uploads\/2026\/02\/TEST-STIMULUS-WEB-724x1024.webp 768w,\n        https:\/\/kvart-usu.hr\/wp-content\/uploads\/2026\/02\/TEST-STIMULUS-WEB-724x1024.webp 1280w,\n        https:\/\/kvart-usu.hr\/wp-content\/uploads\/2026\/02\/TEST-STIMULUS-WEB.webp 267w\n      \" sizes=\"\n        (max-width: 480px) 92vw,\n        (max-width: 768px) 45vw,\n        (max-width: 1024px) 30vw,\n        233px\n      \" alt=\"Stimulus\" loading=\"lazy\" class=\"h-full w-full object-cover\" \/>\n\n          <a href=\"https:\/\/kvart-usu.hr\/en\/project\/gallery-kvart\/\" aria-label=\"Gallery Kvart\"><img decoding=\"async\" src=\"https:\/\/kvart-usu.hr\/wp-content\/uploads\/2026\/03\/galerija_kvart_label_en.svg\" alt=\"\" class=\"absolute bottom-2 left-2 border border-r-0 border-transparent hover:border-white\" \/><\/a>\n      <\/div>\n\n  <a href=\"https:\/\/kvart-usu.hr\/en\/event\/stimulus\/\" class=\"group mb-px flex grow flex-col items-start justify-start border border-t-0 border-gray-200 p-4 hover:mb-0 hover:border-b-2 hover:border-b-red-500\">\n          <p class=\"mb-0.5 text-sm\">\n        Marin Renic,                              <span>Frane Mir\u010deta,<\/span>\n                      <span>Boris \u0160itum,<\/span>\n                      <span>Ana \u010cuku\u0161i\u0107<\/span>\n                        <\/p>\n    \n    <h3 class=\"mb-1 text-xl text-black group-hover:text-red-500\">Stimulus<\/h3>\n\n          <p class=\"mb-auto line-clamp-3 leading-snug\">EN Lorem ipsum dolor sit amet<\/p>\n    \n    <div class=\"mt-6 flex w-full items-center justify-between text-sm text-gray-500\">\n      <span>Friday, 27.02.2026.<\/span>\n      <span>17:00h<\/span>\n    <\/div>\n  <\/a>\n<\/article>\n              \n        <article class=\"flex flex-col\">\n  <div class=\"relative aspect-video w-full\">\n    <img decoding=\"async\" src=\"https:\/\/kvart-usu.hr\/wp-content\/uploads\/2026\/04\/TEST-DUSNI-WEB-724x1024.webp\" srcset=\"\n        https:\/\/kvart-usu.hr\/wp-content\/uploads\/2026\/04\/TEST-DUSNI-WEB-724x1024.webp 480w,\n        https:\/\/kvart-usu.hr\/wp-content\/uploads\/2026\/04\/TEST-DUSNI-WEB-724x1024.webp 768w,\n        https:\/\/kvart-usu.hr\/wp-content\/uploads\/2026\/04\/TEST-DUSNI-WEB-724x1024.webp 1280w,\n        https:\/\/kvart-usu.hr\/wp-content\/uploads\/2026\/04\/TEST-DUSNI-WEB.webp 267w\n      \" sizes=\"\n        (max-width: 480px) 92vw,\n        (max-width: 768px) 45vw,\n        (max-width: 1024px) 30vw,\n        233px\n      \" alt=\"All Souls&#8217; Day\" loading=\"lazy\" class=\"h-full w-full object-cover\" \/>\n\n          <a href=\"https:\/\/kvart-usu.hr\/en\/project\/underground-en\/\" aria-label=\"Underground\"><img decoding=\"async\" src=\"https:\/\/kvart-usu.hr\/wp-content\/uploads\/2026\/02\/label-underground-svg.svg\" alt=\"\" class=\"absolute bottom-2 left-2 border border-r-0 border-transparent hover:border-white\" \/><\/a>\n      <\/div>\n\n  <a href=\"https:\/\/kvart-usu.hr\/en\/event\/all-souls-day\/\" class=\"group mb-px flex grow flex-col items-start justify-start border border-t-0 border-gray-200 p-4 hover:mb-0 hover:border-b-2 hover:border-b-red-500\">\n          <p class=\"mb-0.5 text-sm\">\n        Nikolina Kuzmi\u0107              <\/p>\n    \n    <h3 class=\"mb-1 text-xl text-black group-hover:text-red-500\">All Souls&#8217; Day<\/h3>\n\n          <p class=\"mb-auto line-clamp-3 leading-snug\">EN &#8211; neki excerpt ako ocemo<\/p>\n    \n    <div class=\"mt-6 flex w-full items-center justify-between text-sm text-gray-500\">\n      <span>Friday, 01.11.2024.<\/span>\n      <span>20:00h<\/span>\n    <\/div>\n  <\/a>\n<\/article>\n          <\/div>\n  <\/section>\n<section style=\"background-image: url(https:\/\/kvart-usu.hr\/wp-content\/uploads\/2026\/02\/test-text-block-image-2-1024x393.png)\" class=\"not-prose overflow-hidden relative bg-fixed bg-cover bg-center bg-no-repeat mt-20 mb-32\">\n      <div class=\"absolute left-0 top-0 h-full w-full bg-black bg-opacity-65\"><\/div>\n  \n  <div class=\"container relative z-1 flex flex-col items-center justify-center text-white pt-24 pb-20\">\n    <h3 class=\"mb-4 text-2xl sm:text-3xl md:text-4xl text-center font-bold\">KVART<\/h3>\n    <p class=\"mb-8 text-center max-w-3xl line-clamp-4\">The Association for Contemporary Art has been active in the Trstenik district since 20xx.<\/p>\n\n          <a href=\"https:\/\/kvart-usu.hr\/en\/about-us\/\" target=\"\" class=\"btn\">About us<\/a>\n      <\/div>\n<\/section>\n<section class=\"not-prose mb-32 mt-20\">\n  <div class=\"mb-8 flex items-center justify-between md:justify-start\">\n    <h2 class=\"text-2xl md:text-3xl font-bold text-black\">Projects<\/h2>\n\n          <a href=\"https:\/\/kvart-usu.hr\/en\/projects\/\" aria-label=\"link to projects\" class=\"border border-gray-200 text-black hover:bg-red-500 hover:text-white hover:border-red-500 flex items-center justify-center w-9 h-9 ml-4\"><span class=\"w-4 h-4\"><svg width=\"24\" height=\"24\" viewBox=\"0 0 24 24\" fill=\"none\" xmlns=\"http:\/\/www.w3.org\/2000\/svg\">\n<path d=\"M11.1444 0H5L14 12L5 24H11.1444L20 12L11.1444 0Z\" fill=\"black\"\/>\n<\/svg>\n<\/span><\/a>\n      <\/div>\n\n  <div class=\"grid grid-cols-1 gap-4 xs:grid-cols-2 md:grid-cols-3 lg:grid-cols-5\">\n          \n\n<article class=\"w-full aspect-[3\/4] border-b-4 border-red-500 group\">\n  <a href=\"https:\/\/kvart-usu.hr\/en\/project\/golden-years\/\" class=\"relative w-full h-full flex items-center justify-center\">\n    <img decoding=\"async\" src=\"https:\/\/kvart-usu.hr\/wp-content\/uploads\/2026\/04\/project-galerija-kvart-image-1-786x1024.png\" srcset=\"\n                  https:\/\/kvart-usu.hr\/wp-content\/uploads\/2026\/04\/project-galerija-kvart-image-1-786x1024.png 480w,\n                  https:\/\/kvart-usu.hr\/wp-content\/uploads\/2026\/04\/project-galerija-kvart-image-1-786x1024.png 768w,\n                  https:\/\/kvart-usu.hr\/wp-content\/uploads\/2026\/04\/project-galerija-kvart-image-1-786x1024.png 1280w,\n                  https:\/\/kvart-usu.hr\/wp-content\/uploads\/2026\/04\/project-galerija-kvart-image-1.webp 267w\n                \" sizes=\"\n                  (max-width: 480px) 91vw, \n                  (max-width: 768px) 45vw, \n                  (max-width: 1024px) 30vw, \n                  180px\n                \" alt=\"Golden years\" loading=\"lazy\" class=\"h-full w-full object-cover\" \/>\n\n    <div class=\"absolute top-0 left-0 w-full h-full bg-black bg-opacity-65 group-hover:bg-opacity-10\"><\/div>\n\n          <img decoding=\"async\" src=\"https:\/\/kvart-usu.hr\/wp-content\/uploads\/2026\/04\/golden-years-label.svg\" alt=\"Golden years\" class=\"absolute left-2 bottom-2 h-7\" \/>\n      <\/a>\n<\/article>\n          \n\n<article class=\"w-full aspect-[3\/4] border-b-4 border-red-500 group\">\n  <a href=\"https:\/\/kvart-usu.hr\/en\/project\/gallery-kvart\/\" class=\"relative w-full h-full flex items-center justify-center\">\n    <img decoding=\"async\" src=\"https:\/\/kvart-usu.hr\/wp-content\/uploads\/2026\/04\/project-galerija-kvart-image-1-786x1024.png\" srcset=\"\n                  https:\/\/kvart-usu.hr\/wp-content\/uploads\/2026\/04\/project-galerija-kvart-image-1-786x1024.png 480w,\n                  https:\/\/kvart-usu.hr\/wp-content\/uploads\/2026\/04\/project-galerija-kvart-image-1-786x1024.png 768w,\n                  https:\/\/kvart-usu.hr\/wp-content\/uploads\/2026\/04\/project-galerija-kvart-image-1-786x1024.png 1280w,\n                  https:\/\/kvart-usu.hr\/wp-content\/uploads\/2026\/04\/project-galerija-kvart-image-1.webp 267w\n                \" sizes=\"\n                  (max-width: 480px) 91vw, \n                  (max-width: 768px) 45vw, \n                  (max-width: 1024px) 30vw, \n                  180px\n                \" alt=\"Gallery Kvart\" loading=\"lazy\" class=\"h-full w-full object-cover\" \/>\n\n    <div class=\"absolute top-0 left-0 w-full h-full bg-black bg-opacity-65 group-hover:bg-opacity-10\"><\/div>\n\n          <img decoding=\"async\" src=\"https:\/\/kvart-usu.hr\/wp-content\/uploads\/2026\/03\/galerija_kvart_label_en.svg\" alt=\"Gallery Kvart\" class=\"absolute left-2 bottom-2 h-7\" \/>\n      <\/a>\n<\/article>\n          \n\n<article class=\"w-full aspect-[3\/4] border-b-4 border-red-500 group\">\n  <a href=\"https:\/\/kvart-usu.hr\/en\/project\/underground-en\/\" class=\"relative w-full h-full flex items-center justify-center\">\n    <img decoding=\"async\" src=\"https:\/\/kvart-usu.hr\/wp-content\/uploads\/2026\/04\/project-underground-image-1-786x1024.webp\" srcset=\"\n                  https:\/\/kvart-usu.hr\/wp-content\/uploads\/2026\/04\/project-underground-image-1-786x1024.webp 480w,\n                  https:\/\/kvart-usu.hr\/wp-content\/uploads\/2026\/04\/project-underground-image-1-786x1024.webp 768w,\n                  https:\/\/kvart-usu.hr\/wp-content\/uploads\/2026\/04\/project-underground-image-1-786x1024.webp 1280w,\n                  https:\/\/kvart-usu.hr\/wp-content\/uploads\/2026\/04\/project-underground-image-1.webp 267w\n                \" sizes=\"\n                  (max-width: 480px) 91vw, \n                  (max-width: 768px) 45vw, \n                  (max-width: 1024px) 30vw, \n                  180px\n                \" alt=\"Underground\" loading=\"lazy\" class=\"h-full w-full object-cover\" \/>\n\n    <div class=\"absolute top-0 left-0 w-full h-full bg-black bg-opacity-65 group-hover:bg-opacity-10\"><\/div>\n\n          <img decoding=\"async\" src=\"https:\/\/kvart-usu.hr\/wp-content\/uploads\/2026\/02\/label-underground-svg.svg\" alt=\"Underground\" class=\"absolute left-2 bottom-2 h-7\" \/>\n      <\/a>\n<\/article>\n          \n\n<article class=\"w-full aspect-[3\/4] border-b-4 border-red-500 group\">\n  <a href=\"https:\/\/kvart-usu.hr\/en\/project\/cista-provo-en\/\" class=\"relative w-full h-full flex items-center justify-center\">\n    <img decoding=\"async\" src=\"https:\/\/kvart-usu.hr\/wp-content\/themes\/kvart\/dist\/images\/default-image.webp\" srcset=\"\n                  https:\/\/kvart-usu.hr\/wp-content\/themes\/kvart\/dist\/images\/default-image.webp 480w,\n                  https:\/\/kvart-usu.hr\/wp-content\/themes\/kvart\/dist\/images\/default-image.webp 768w,\n                  https:\/\/kvart-usu.hr\/wp-content\/themes\/kvart\/dist\/images\/default-image.webp 1280w,\n                  https:\/\/kvart-usu.hr\/wp-content\/themes\/kvart\/dist\/images\/default-image.webp 267w\n                \" sizes=\"\n                  (max-width: 480px) 91vw, \n                  (max-width: 768px) 45vw, \n                  (max-width: 1024px) 30vw, \n                  180px\n                \" alt=\"Cista Provo\" loading=\"lazy\" class=\"h-full w-full object-cover\" \/>\n\n    <div class=\"absolute top-0 left-0 w-full h-full bg-black bg-opacity-65 group-hover:bg-opacity-10\"><\/div>\n\n          <img decoding=\"async\" src=\"https:\/\/kvart-usu.hr\/wp-content\/uploads\/2026\/02\/label-cista-svg.svg\" alt=\"Cista Provo\" class=\"absolute left-2 bottom-2 h-7\" \/>\n      <\/a>\n<\/article>\n          \n\n<article class=\"w-full aspect-[3\/4] border-b-4 border-red-500 group\">\n  <a href=\"https:\/\/kvart-usu.hr\/en\/project\/street\/\" class=\"relative w-full h-full flex items-center justify-center\">\n    <img decoding=\"async\" src=\"https:\/\/kvart-usu.hr\/wp-content\/uploads\/2026\/04\/project-ulica-image-1-786x1024.png\" srcset=\"\n                  https:\/\/kvart-usu.hr\/wp-content\/uploads\/2026\/04\/project-ulica-image-1-786x1024.png 480w,\n                  https:\/\/kvart-usu.hr\/wp-content\/uploads\/2026\/04\/project-ulica-image-1-786x1024.png 768w,\n                  https:\/\/kvart-usu.hr\/wp-content\/uploads\/2026\/04\/project-ulica-image-1-786x1024.png 1280w,\n                  https:\/\/kvart-usu.hr\/wp-content\/uploads\/2026\/04\/project-ulica-image-1.webp 267w\n                \" sizes=\"\n                  (max-width: 480px) 91vw, \n                  (max-width: 768px) 45vw, \n                  (max-width: 1024px) 30vw, \n                  180px\n                \" alt=\"Street\" loading=\"lazy\" class=\"h-full w-full object-cover\" \/>\n\n    <div class=\"absolute top-0 left-0 w-full h-full bg-black bg-opacity-65 group-hover:bg-opacity-10\"><\/div>\n\n          <img decoding=\"async\" src=\"https:\/\/kvart-usu.hr\/wp-content\/uploads\/2026\/03\/ulica_label_en.svg\" alt=\"Street\" class=\"absolute left-2 bottom-2 h-7\" \/>\n      <\/a>\n<\/article>\n      <\/div>\n<\/section>\n\n  <section class=\"not-prose mb-32 mt-20\">\n    <div class=\"mb-8 flex items-center justify-between md:justify-start\">\n      <h2 class=\"text-2xl md:text-3xl font-bold text-black\">News<\/h2>\n\n              <a href=\"https:\/\/kvart-usu.hr\/en\/news\/\" aria-label=\"link to news\" target=\"\" class=\"border border-gray-200 text-black hover:bg-red-500 hover:text-white hover:border-red-500 flex items-center justify-center w-9 h-9 ml-4\"><span class=\"w-4 h-4\"><svg width=\"24\" height=\"24\" viewBox=\"0 0 24 24\" fill=\"none\" xmlns=\"http:\/\/www.w3.org\/2000\/svg\">\n<path d=\"M11.1444 0H5L14 12L5 24H11.1444L20 12L11.1444 0Z\" fill=\"black\"\/>\n<\/svg>\n<\/span><\/a>\n          <\/div>\n\n    <div class=\"grid grid-cols-1 gap-4 xs:grid-cols-2 md:grid-cols-3 lg:grid-cols-4\">\n              <article class=\"group flex\">\n  <a href=\"https:\/\/kvart-usu.hr\/en\/en-test-1\/\" class=\"flex w-full flex-col\">\n    <div class=\"relative aspect-video w-full\">\n      <img decoding=\"async\" src=\"https:\/\/kvart-usu.hr\/wp-content\/uploads\/2026\/04\/project-ulica-image-1-786x1024.png\" srcset=\"\n          https:\/\/kvart-usu.hr\/wp-content\/uploads\/2026\/04\/project-ulica-image-1-786x1024.png 480w,\n          https:\/\/kvart-usu.hr\/wp-content\/uploads\/2026\/04\/project-ulica-image-1-786x1024.png 768w,\n          https:\/\/kvart-usu.hr\/wp-content\/uploads\/2026\/04\/project-ulica-image-1-786x1024.png 1280w,\n          https:\/\/kvart-usu.hr\/wp-content\/uploads\/2026\/04\/project-ulica-image-1.webp 267w\n        \" sizes=\"\n          (max-width: 480px) 92vw,\n          (max-width: 768px) 45vw,\n          (max-width: 1024px) 30vw,\n          233px\n        \" alt=\"EN &#8211; Test 1\" loading=\"lazy\" class=\"h-full w-full object-cover\" \/>\n    <\/div>\n\n    <div class=\"mb-px flex grow flex-col items-start justify-start border border-t-0 border-gray-200 p-4 group-hover:mb-0 group-hover:border-b-2 group-hover:border-b-red-500\">\n      <p class=\"mb-0.5 text-sm\">\n        <span class=\"capitalize\">February 26, 2026<\/span> by <span class=\"capitalize\">admin<\/span>\n      <\/p>\n      <h3 class=\"mb-1 text-xl text-black group-hover:text-red-500\">EN &#8211; Test 1<\/h3>\n      <p class=\"line-clamp-3 leading-snug\">lorem<\/p>\n    <\/div>\n  <\/a>\n<\/article>\n              <article class=\"group flex\">\n  <a href=\"https:\/\/kvart-usu.hr\/en\/en-hello-world\/\" class=\"flex w-full flex-col\">\n    <div class=\"relative aspect-video w-full\">\n      <img decoding=\"async\" src=\"https:\/\/kvart-usu.hr\/wp-content\/uploads\/2026\/04\/project-galerija-kvart-image-1-786x1024.png\" srcset=\"\n          https:\/\/kvart-usu.hr\/wp-content\/uploads\/2026\/04\/project-galerija-kvart-image-1-786x1024.png 480w,\n          https:\/\/kvart-usu.hr\/wp-content\/uploads\/2026\/04\/project-galerija-kvart-image-1-786x1024.png 768w,\n          https:\/\/kvart-usu.hr\/wp-content\/uploads\/2026\/04\/project-galerija-kvart-image-1-786x1024.png 1280w,\n          https:\/\/kvart-usu.hr\/wp-content\/uploads\/2026\/04\/project-galerija-kvart-image-1.webp 267w\n        \" sizes=\"\n          (max-width: 480px) 92vw,\n          (max-width: 768px) 45vw,\n          (max-width: 1024px) 30vw,\n          233px\n        \" alt=\"EN &#8211; Hello world!\" loading=\"lazy\" class=\"h-full w-full object-cover\" \/>\n    <\/div>\n\n    <div class=\"mb-px flex grow flex-col items-start justify-start border border-t-0 border-gray-200 p-4 group-hover:mb-0 group-hover:border-b-2 group-hover:border-b-red-500\">\n      <p class=\"mb-0.5 text-sm\">\n        <span class=\"capitalize\">February 23, 2026<\/span> by <span class=\"capitalize\">admin<\/span>\n      <\/p>\n      <h3 class=\"mb-1 text-xl text-black group-hover:text-red-500\">EN &#8211; Hello world!<\/h3>\n      <p class=\"line-clamp-3 leading-snug\">EN &#8211; Welcome to WordPress. This is your first post. Edit or delete it, then start writing!<\/p>\n    <\/div>\n  <\/a>\n<\/article>\n          <\/div>\n  <\/section>\n","protected":false},"excerpt":{"rendered":"","protected":false},"author":1,"featured_media":0,"parent":0,"menu_order":0,"comment_status":"closed","ping_status":"closed","template":"","meta":{"_acf_changed":false,"footnotes":""},"class_list":["post-10","page","type-page","status-publish","hentry"],"acf":[],"yoast_head":"<!-- This site is optimized with the Yoast SEO plugin v27.4 - https:\/\/yoast.com\/product\/yoast-seo-wordpress\/ -->\n<title>Homepage - Udruga Kvart<\/title>\n<meta name=\"robots\" content=\"index, follow, max-snippet:-1, max-image-preview:large, max-video-preview:-1\" \/>\n<link rel=\"canonical\" href=\"https:\/\/kvart-usu.hr\/en\/\" \/>\n<meta property=\"og:locale\" content=\"en_US\" \/>\n<meta property=\"og:type\" content=\"article\" \/>\n<meta property=\"og:title\" content=\"Homepage - Udruga Kvart\" \/>\n<meta property=\"og:url\" content=\"https:\/\/kvart-usu.hr\/en\/\" \/>\n<meta property=\"og:site_name\" content=\"Udruga Kvart\" \/>\n<meta property=\"article:modified_time\" content=\"2026-02-26T20:45:45+00:00\" \/>\n<meta name=\"twitter:card\" content=\"summary_large_image\" \/>\n<script type=\"application\/ld+json\" class=\"yoast-schema-graph\">{\"@context\":\"https:\\\/\\\/schema.org\",\"@graph\":[{\"@type\":\"WebPage\",\"@id\":\"https:\\\/\\\/kvart-usu.hr\\\/en\\\/\",\"url\":\"https:\\\/\\\/kvart-usu.hr\\\/en\\\/\",\"name\":\"Homepage - Udruga Kvart\",\"isPartOf\":{\"@id\":\"https:\\\/\\\/kvart-usu.hr\\\/en\\\/#website\"},\"datePublished\":\"2026-02-23T12:23:37+00:00\",\"dateModified\":\"2026-02-26T20:45:45+00:00\",\"breadcrumb\":{\"@id\":\"https:\\\/\\\/kvart-usu.hr\\\/en\\\/#breadcrumb\"},\"inLanguage\":\"en-US\",\"potentialAction\":[{\"@type\":\"ReadAction\",\"target\":[\"https:\\\/\\\/kvart-usu.hr\\\/en\\\/\"]}]},{\"@type\":\"BreadcrumbList\",\"@id\":\"https:\\\/\\\/kvart-usu.hr\\\/en\\\/#breadcrumb\",\"itemListElement\":[{\"@type\":\"ListItem\",\"position\":1,\"name\":\"Home\",\"item\":\"https:\\\/\\\/kvart-usu.hr\\\/en\\\/\"},{\"@type\":\"ListItem\",\"position\":2,\"name\":\"Homepage\"}]},{\"@type\":\"WebSite\",\"@id\":\"https:\\\/\\\/kvart-usu.hr\\\/en\\\/#website\",\"url\":\"https:\\\/\\\/kvart-usu.hr\\\/en\\\/\",\"name\":\"Udruga Kvart\",\"description\":\"udruga za suvremenu umjetnost\",\"potentialAction\":[{\"@type\":\"SearchAction\",\"target\":{\"@type\":\"EntryPoint\",\"urlTemplate\":\"https:\\\/\\\/kvart-usu.hr\\\/en\\\/?s={search_term_string}\"},\"query-input\":{\"@type\":\"PropertyValueSpecification\",\"valueRequired\":true,\"valueName\":\"search_term_string\"}}],\"inLanguage\":\"en-US\"}]}<\/script>\n<!-- \/ Yoast SEO plugin. -->","yoast_head_json":{"title":"Homepage - Udruga Kvart","robots":{"index":"index","follow":"follow","max-snippet":"max-snippet:-1","max-image-preview":"max-image-preview:large","max-video-preview":"max-video-preview:-1"},"canonical":"https:\/\/kvart-usu.hr\/en\/","og_locale":"en_US","og_type":"article","og_title":"Homepage - Udruga Kvart","og_url":"https:\/\/kvart-usu.hr\/en\/","og_site_name":"Udruga Kvart","article_modified_time":"2026-02-26T20:45:45+00:00","twitter_card":"summary_large_image","schema":{"@context":"https:\/\/schema.org","@graph":[{"@type":"WebPage","@id":"https:\/\/kvart-usu.hr\/en\/","url":"https:\/\/kvart-usu.hr\/en\/","name":"Homepage - Udruga Kvart","isPartOf":{"@id":"https:\/\/kvart-usu.hr\/en\/#website"},"datePublished":"2026-02-23T12:23:37+00:00","dateModified":"2026-02-26T20:45:45+00:00","breadcrumb":{"@id":"https:\/\/kvart-usu.hr\/en\/#breadcrumb"},"inLanguage":"en-US","potentialAction":[{"@type":"ReadAction","target":["https:\/\/kvart-usu.hr\/en\/"]}]},{"@type":"BreadcrumbList","@id":"https:\/\/kvart-usu.hr\/en\/#breadcrumb","itemListElement":[{"@type":"ListItem","position":1,"name":"Home","item":"https:\/\/kvart-usu.hr\/en\/"},{"@type":"ListItem","position":2,"name":"Homepage"}]},{"@type":"WebSite","@id":"https:\/\/kvart-usu.hr\/en\/#website","url":"https:\/\/kvart-usu.hr\/en\/","name":"Udruga Kvart","description":"udruga za suvremenu umjetnost","potentialAction":[{"@type":"SearchAction","target":{"@type":"EntryPoint","urlTemplate":"https:\/\/kvart-usu.hr\/en\/?s={search_term_string}"},"query-input":{"@type":"PropertyValueSpecification","valueRequired":true,"valueName":"search_term_string"}}],"inLanguage":"en-US"}]}},"_links":{"self":[{"href":"https:\/\/kvart-usu.hr\/en\/wp-json\/wp\/v2\/pages\/10","targetHints":{"allow":["GET"]}}],"collection":[{"href":"https:\/\/kvart-usu.hr\/en\/wp-json\/wp\/v2\/pages"}],"about":[{"href":"https:\/\/kvart-usu.hr\/en\/wp-json\/wp\/v2\/types\/page"}],"author":[{"embeddable":true,"href":"https:\/\/kvart-usu.hr\/en\/wp-json\/wp\/v2\/users\/1"}],"replies":[{"embeddable":true,"href":"https:\/\/kvart-usu.hr\/en\/wp-json\/wp\/v2\/comments?post=10"}],"version-history":[{"count":7,"href":"https:\/\/kvart-usu.hr\/en\/wp-json\/wp\/v2\/pages\/10\/revisions"}],"predecessor-version":[{"id":147,"href":"https:\/\/kvart-usu.hr\/en\/wp-json\/wp\/v2\/pages\/10\/revisions\/147"}],"wp:attachment":[{"href":"https:\/\/kvart-usu.hr\/en\/wp-json\/wp\/v2\/media?parent=10"}],"curies":[{"name":"wp","href":"https:\/\/api.w.org\/{rel}","templated":true}]}}